{"id":4243,"date":"2024-11-11T14:22:09","date_gmt":"2024-11-11T11:22:09","guid":{"rendered":"https:\/\/gegasanziman.com\/?page_id=4243"},"modified":"2024-11-11T14:22:50","modified_gmt":"2024-11-11T11:22:50","slug":"misyonumuz","status":"publish","type":"page","link":"https:\/\/gegasanziman.com\/en\/misyonumuz\/","title":{"rendered":"Mission"},"content":{"rendered":"<div data-elementor-type=\"wp-page\" data-elementor-id=\"4243\" class=\"elementor elementor-4243\">\n\t\t\t\t<div class=\"elementor-element elementor-element-f99eb99 e-flex e-con-boxed e-con e-parent\" data-id=\"f99eb99\" data-element_type=\"container\" data-settings=\"{&quot;background_background&quot;:&quot;classic&quot;}\">\n\t\t\t\t\t<div class=\"e-con-inner\">\n\t\t\t\t<div class=\"elementor-element elementor-element-0a772e1 elementor-invisible elementor-widget elementor-widget-text-editor\" data-id=\"0a772e1\" data-element_type=\"widget\" data-settings=\"{&quot;_animation&quot;:&quot;fadeInUp&quot;}\" data-widget_type=\"text-editor.default\">\n\t\t\t\t<div class=\"elementor-widget-container\">\n\t\t\t\t\t\t\t<p>Gega Gearbox<\/p>\t\t\t\t\t\t<\/div>\n\t\t\t\t<\/div>\n\t\t\t\t<div class=\"elementor-element elementor-element-abca5cb elementor-invisible elementor-widget elementor-widget-heading\" data-id=\"abca5cb\" data-element_type=\"widget\" data-settings=\"{&quot;_animation&quot;:&quot;fadeInUp&quot;}\" data-widget_type=\"heading.default\">\n\t\t\t\t<div class=\"elementor-widget-container\">\n\t\t\t<h2 class=\"elementor-heading-title elementor-size-default\">MISSION<\/h2>\t\t<\/div>\n\t\t\t\t<\/div>\n\t\t\t\t\t<\/div>\n\t\t\t\t<\/div>\n\t\t<div class=\"elementor-element elementor-element-5c97bed e-flex e-con-boxed e-con e-parent\" data-id=\"5c97bed\" data-element_type=\"container\">\n\t\t\t\t\t<div class=\"e-con-inner\">\n\t\t\t\t<div class=\"elementor-element elementor-element-e38f1a4 elementor-widget__width-initial elementor-widget elementor-widget-heading\" data-id=\"e38f1a4\" data-element_type=\"widget\" data-widget_type=\"heading.default\">\n\t\t\t\t<div class=\"elementor-widget-container\">\n\t\t\t<h2 class=\"elementor-heading-title elementor-size-default\">MISSION<\/h2>\t\t<\/div>\n\t\t\t\t<\/div>\n\t\t\t\t<div class=\"elementor-element elementor-element-f3eca9f elementor-widget__width-initial elementor-widget elementor-widget-text-editor\" data-id=\"f3eca9f\" data-element_type=\"widget\" data-widget_type=\"text-editor.default\">\n\t\t\t\t<div class=\"elementor-widget-container\">\n\t\t\t\t\t\t\t<div class=\"flex max-w-full flex-col flex-grow\"><div class=\"min-h-8 text-message flex w-full flex-col items-end gap-2 whitespace-normal break-words [.text-message+&amp;]:mt-5\" dir=\"auto\" data-message-author-role=\"assistant\" data-message-id=\"1494e3b9-febb-42ac-a7d9-16196b7b0d5d\" data-message-model-slug=\"gpt-4o\"><div class=\"flex w-full flex-col gap-1 empty:hidden first:pt-[3px]\"><div class=\"markdown prose w-full break-words dark:prose-invert dark\"><div class=\"flex max-w-full flex-col flex-grow\"><div class=\"min-h-8 text-message flex w-full flex-col items-end gap-2 whitespace-normal break-words [.text-message+&amp;]:mt-5\" dir=\"auto\" data-message-author-role=\"assistant\" data-message-id=\"8d6feacc-7628-4af1-b4d6-73e987e88832\" data-message-model-slug=\"gpt-4o\"><div class=\"flex w-full flex-col gap-1 empty:hidden first:pt-[3px]\"><div class=\"markdown prose w-full break-words dark:prose-invert dark\"><p>As Turgay Makina Gear Industry, our mission is to provide the best solutions to our customers by prioritizing quality and trust since our establishment in 1995. With our strong technical team that closely follows technological developments, we work with an innovative and dynamic approach to provide world-class service.<\/p><p>Our aim is to maximize the satisfaction of our customers by producing solutions that exceed their current and future expectations. Without compromising our understanding of quality, punctuality and cost-effective service, we aim for sustainable growth by making a difference in our sector.<\/p><\/div><\/div><\/div><\/div><\/div><\/div><\/div><\/div>\t\t\t\t\t\t<\/div>\n\t\t\t\t<\/div>\n\t\t\t\t\t<\/div>\n\t\t\t\t<\/div>\n\t\t\t\t<\/div>","protected":false},"excerpt":{"rendered":"<p>GEGA \u015eANZIMAN M\u0130SYONUMUZ M\u0130SYONUMUZ Turgay Makina Di\u015fli Sanayi olarak misyonumuz, kuruldu\u011fumuz 1995 y\u0131l\u0131ndan bu yana, kalite ve g\u00fcveni \u00f6n planda tutarak m\u00fc\u015fterilerimize en iyi \u00e7\u00f6z\u00fcmleri sunmakt\u0131r. Teknolojik geli\u015fmeleri yak\u0131ndan takip eden, g\u00fc\u00e7l\u00fc teknik ekibimizle, yenilik\u00e7i ve dinamik bir yakla\u015f\u0131m i\u00e7inde \u00e7al\u0131\u015farak d\u00fcnya standartlar\u0131nda hizmet sunmaktay\u0131z. Amac\u0131m\u0131z, m\u00fc\u015fterilerimizin mevcut ve gelecekteki beklentilerini a\u015fan \u00e7\u00f6z\u00fcmler \u00fcreterek memnuniyetlerini [&hellip;]<\/p>","protected":false},"author":1,"featured_media":0,"parent":0,"menu_order":0,"comment_status":"closed","ping_status":"closed","template":"template-homepage.php","meta":{"om_disable_all_campaigns":false,"_monsterinsights_skip_tracking":false,"_monsterinsights_sitenote_active":false,"_monsterinsights_sitenote_note":"","_monsterinsights_sitenote_category":0,"footnotes":""},"class_list":["post-4243","page","type-page","status-publish","hentry"],"aioseo_notices":[],"_links":{"self":[{"href":"https:\/\/gegasanziman.com\/en\/wp-json\/wp\/v2\/pages\/4243","targetHints":{"allow":["GET"]}}],"collection":[{"href":"https:\/\/gegasanziman.com\/en\/wp-json\/wp\/v2\/pages"}],"about":[{"href":"https:\/\/gegasanziman.com\/en\/wp-json\/wp\/v2\/types\/page"}],"author":[{"embeddable":true,"href":"https:\/\/gegasanziman.com\/en\/wp-json\/wp\/v2\/users\/1"}],"replies":[{"embeddable":true,"href":"https:\/\/gegasanziman.com\/en\/wp-json\/wp\/v2\/comments?post=4243"}],"version-history":[{"count":4,"href":"https:\/\/gegasanziman.com\/en\/wp-json\/wp\/v2\/pages\/4243\/revisions"}],"predecessor-version":[{"id":4247,"href":"https:\/\/gegasanziman.com\/en\/wp-json\/wp\/v2\/pages\/4243\/revisions\/4247"}],"wp:attachment":[{"href":"https:\/\/gegasanziman.com\/en\/wp-json\/wp\/v2\/media?parent=4243"}],"curies":[{"name":"wp","href":"https:\/\/api.w.org\/{rel}","templated":true}]}}