{"id":4238,"date":"2024-11-11T14:21:30","date_gmt":"2024-11-11T11:21:30","guid":{"rendered":"https:\/\/gegasanziman.com\/?page_id=4238"},"modified":"2024-11-18T14:40:54","modified_gmt":"2024-11-18T11:40:54","slug":"vizyonumuz","status":"publish","type":"page","link":"https:\/\/gegasanziman.com\/en\/vizyonumuz\/","title":{"rendered":"Vision"},"content":{"rendered":"<div data-elementor-type=\"wp-page\" data-elementor-id=\"4238\" class=\"elementor elementor-4238\">\n\t\t\t\t<div class=\"elementor-element elementor-element-f99eb99 e-flex e-con-boxed e-con e-parent\" data-id=\"f99eb99\" data-element_type=\"container\" data-settings=\"{&quot;background_background&quot;:&quot;classic&quot;}\">\n\t\t\t\t\t<div class=\"e-con-inner\">\n\t\t\t\t<div class=\"elementor-element elementor-element-0a772e1 elementor-invisible elementor-widget elementor-widget-text-editor\" data-id=\"0a772e1\" data-element_type=\"widget\" data-settings=\"{&quot;_animation&quot;:&quot;fadeInUp&quot;}\" data-widget_type=\"text-editor.default\">\n\t\t\t\t<div class=\"elementor-widget-container\">\n\t\t\t\t\t\t\t<p>Gega Gearbox<\/p>\t\t\t\t\t\t<\/div>\n\t\t\t\t<\/div>\n\t\t\t\t<div class=\"elementor-element elementor-element-abca5cb elementor-invisible elementor-widget elementor-widget-heading\" data-id=\"abca5cb\" data-element_type=\"widget\" data-settings=\"{&quot;_animation&quot;:&quot;fadeInUp&quot;}\" data-widget_type=\"heading.default\">\n\t\t\t\t<div class=\"elementor-widget-container\">\n\t\t\t<h2 class=\"elementor-heading-title elementor-size-default\">VISION<\/h2>\t\t<\/div>\n\t\t\t\t<\/div>\n\t\t\t\t\t<\/div>\n\t\t\t\t<\/div>\n\t\t<div class=\"elementor-element elementor-element-5c97bed e-flex e-con-boxed e-con e-parent\" data-id=\"5c97bed\" data-element_type=\"container\">\n\t\t\t\t\t<div class=\"e-con-inner\">\n\t\t\t\t<div class=\"elementor-element elementor-element-e38f1a4 elementor-widget__width-initial elementor-widget elementor-widget-heading\" data-id=\"e38f1a4\" data-element_type=\"widget\" data-widget_type=\"heading.default\">\n\t\t\t\t<div class=\"elementor-widget-container\">\n\t\t\t<h2 class=\"elementor-heading-title elementor-size-default\">Vision<\/h2>\t\t<\/div>\n\t\t\t\t<\/div>\n\t\t\t\t<div class=\"elementor-element elementor-element-f3eca9f elementor-widget__width-initial elementor-widget elementor-widget-text-editor\" data-id=\"f3eca9f\" data-element_type=\"widget\" data-widget_type=\"text-editor.default\">\n\t\t\t\t<div class=\"elementor-widget-container\">\n\t\t\t\t\t\t\t<div class=\"flex max-w-full flex-col flex-grow\"><div class=\"min-h-8 text-message flex w-full flex-col items-end gap-2 whitespace-normal break-words [.text-message+&amp;]:mt-5\" dir=\"auto\" data-message-author-role=\"assistant\" data-message-id=\"1494e3b9-febb-42ac-a7d9-16196b7b0d5d\" data-message-model-slug=\"gpt-4o\"><div class=\"flex w-full flex-col gap-1 empty:hidden first:pt-[3px]\"><div class=\"markdown prose w-full break-words dark:prose-invert dark\"><p>Founded in 1995, Turgay Makina Gear Industry has carried out important projects by adopting the principle of honesty and customer satisfaction as a guide since the day we were founded. With our strong technical staff and innovative approach, we aim to provide world-class services to our customers.<\/p><p>Our vision is to act with a dynamic, reliable and efficient team spirit by adapting to constantly developing technologies; to reach a leading position in our sector without compromising quality, punctuality and customer satisfaction. In order to meet the current and future needs of our customers in the best way possible, we support the active participation of all our employees and work relentlessly to provide customer-oriented solutions.<\/p><\/div><\/div><\/div><\/div>\t\t\t\t\t\t<\/div>\n\t\t\t\t<\/div>\n\t\t\t\t\t<\/div>\n\t\t\t\t<\/div>\n\t\t\t\t<\/div>","protected":false},"excerpt":{"rendered":"<p>GEGA \u015eANZIMAN V\u0130ZYONUMUZ Vizyonumuz 1995 y\u0131l\u0131nda kurulan Turgay Makina Di\u015fli Sanayi olarak, kuruldu\u011fumuz g\u00fcnden bu yana d\u00fcr\u00fcstl\u00fck ve m\u00fc\u015fteri memnuniyeti ilkesini rehber edinerek \u00f6nemli projelere imza att\u0131k. G\u00fc\u00e7l\u00fc teknik kadromuz ve yenilik\u00e7i yakla\u015f\u0131m\u0131m\u0131zla, m\u00fc\u015fterilerimize d\u00fcnya standartlar\u0131na uygun hizmetler sunmay\u0131 ama\u00e7l\u0131yoruz. Vizyonumuz, s\u00fcrekli geli\u015fen teknolojilere uyum sa\u011flayarak, dinamik, g\u00fcvenilir ve verimli bir tak\u0131m ruhu ile hareket [&hellip;]<\/p>","protected":false},"author":1,"featured_media":0,"parent":0,"menu_order":0,"comment_status":"closed","ping_status":"closed","template":"template-homepage.php","meta":{"om_disable_all_campaigns":false,"_monsterinsights_skip_tracking":false,"_monsterinsights_sitenote_active":false,"_monsterinsights_sitenote_note":"","_monsterinsights_sitenote_category":0,"footnotes":""},"class_list":["post-4238","page","type-page","status-publish","hentry"],"aioseo_notices":[],"_links":{"self":[{"href":"https:\/\/gegasanziman.com\/en\/wp-json\/wp\/v2\/pages\/4238","targetHints":{"allow":["GET"]}}],"collection":[{"href":"https:\/\/gegasanziman.com\/en\/wp-json\/wp\/v2\/pages"}],"about":[{"href":"https:\/\/gegasanziman.com\/en\/wp-json\/wp\/v2\/types\/page"}],"author":[{"embeddable":true,"href":"https:\/\/gegasanziman.com\/en\/wp-json\/wp\/v2\/users\/1"}],"replies":[{"embeddable":true,"href":"https:\/\/gegasanziman.com\/en\/wp-json\/wp\/v2\/comments?post=4238"}],"version-history":[{"count":7,"href":"https:\/\/gegasanziman.com\/en\/wp-json\/wp\/v2\/pages\/4238\/revisions"}],"predecessor-version":[{"id":4426,"href":"https:\/\/gegasanziman.com\/en\/wp-json\/wp\/v2\/pages\/4238\/revisions\/4426"}],"wp:attachment":[{"href":"https:\/\/gegasanziman.com\/en\/wp-json\/wp\/v2\/media?parent=4238"}],"curies":[{"name":"wp","href":"https:\/\/api.w.org\/{rel}","templated":true}]}}