{"id":4233,"date":"2024-11-11T14:17:11","date_gmt":"2024-11-11T11:17:11","guid":{"rendered":"https:\/\/gegasanziman.com\/?page_id=4233"},"modified":"2024-11-21T13:43:53","modified_gmt":"2024-11-21T10:43:53","slug":"hakkimizda","status":"publish","type":"page","link":"https:\/\/gegasanziman.com\/en\/hakkimizda\/","title":{"rendered":"About us"},"content":{"rendered":"<div data-elementor-type=\"wp-page\" data-elementor-id=\"4233\" class=\"elementor elementor-4233\">\n\t\t\t\t<div class=\"elementor-element elementor-element-f99eb99 e-flex e-con-boxed e-con e-parent\" data-id=\"f99eb99\" data-element_type=\"container\" data-settings=\"{&quot;background_background&quot;:&quot;classic&quot;}\">\n\t\t\t\t\t<div class=\"e-con-inner\">\n\t\t\t\t<div class=\"elementor-element elementor-element-0a772e1 elementor-invisible elementor-widget elementor-widget-text-editor\" data-id=\"0a772e1\" data-element_type=\"widget\" data-settings=\"{&quot;_animation&quot;:&quot;fadeInUp&quot;}\" data-widget_type=\"text-editor.default\">\n\t\t\t\t<div class=\"elementor-widget-container\">\n\t\t\t\t\t\t\t<p>Gega Gearbox<\/p>\t\t\t\t\t\t<\/div>\n\t\t\t\t<\/div>\n\t\t\t\t<div class=\"elementor-element elementor-element-abca5cb elementor-invisible elementor-widget elementor-widget-heading\" data-id=\"abca5cb\" data-element_type=\"widget\" data-settings=\"{&quot;_animation&quot;:&quot;fadeInUp&quot;}\" data-widget_type=\"heading.default\">\n\t\t\t\t<div class=\"elementor-widget-container\">\n\t\t\t<h2 class=\"elementor-heading-title elementor-size-default\">About Us<\/h2>\t\t<\/div>\n\t\t\t\t<\/div>\n\t\t\t\t\t<\/div>\n\t\t\t\t<\/div>\n\t\t<div class=\"elementor-element elementor-element-5c97bed e-flex e-con-boxed e-con e-parent\" data-id=\"5c97bed\" data-element_type=\"container\">\n\t\t\t\t\t<div class=\"e-con-inner\">\n\t\t\t\t<div class=\"elementor-element elementor-element-e38f1a4 elementor-widget__width-initial elementor-widget elementor-widget-heading\" data-id=\"e38f1a4\" data-element_type=\"widget\" data-widget_type=\"heading.default\">\n\t\t\t\t<div class=\"elementor-widget-container\">\n\t\t\t<h2 class=\"elementor-heading-title elementor-size-default\">GET TO KNOW US CLOSELY<\/h2>\t\t<\/div>\n\t\t\t\t<\/div>\n\t\t\t\t<div class=\"elementor-element elementor-element-f3eca9f elementor-widget__width-initial elementor-widget elementor-widget-text-editor\" data-id=\"f3eca9f\" data-element_type=\"widget\" data-widget_type=\"text-editor.default\">\n\t\t\t\t<div class=\"elementor-widget-container\">\n\t\t\t\t\t\t\t<p>Established in 1995, Turgay Gear Machine Industry has been carrying out important work since that day by aiming to be honest and customer satisfaction. Innovative, dynamic, efficient, reliable team spirit with a strong technical team; we do not compromise on quality, punctuality and customer satisfaction, we serve our valuable customers with optimum prices in accordance with world standards<\/p><p>We are constantly renewing ourselves according to technological developments with a team spirit that all of our \nemployees actively take part in, in order to increase customer satisfaction, to meet current and future expectations of our \ncustomers.\nWe are the real solution partner of Agriculture, Textile, Machinery, Food, Mining, Maritime, Construction Machinery, \nConstruction, Iron and Steel, Printing, Marble and Transportation sectors with high quality Internal Gears,Spur &amp; Helical \nGears,Bevel Gears,Worms &amp; Worm Wheels,Trigger Gears,Gear Racks,Sprockets,Splined Shafts production capacity.<\/p>\t\t\t\t\t\t<\/div>\n\t\t\t\t<\/div>\n\t\t\t\t\t<\/div>\n\t\t\t\t<\/div>\n\t\t\t\t<\/div>","protected":false},"excerpt":{"rendered":"<p>GEGA \u015eANZIMAN hakk\u0131m\u0131zda B\u0130Z\u0130 YAKINDAN TANIYIN 1995 y\u0131l\u0131nda kurulmu\u015f olan Turgay Makina Di\u015fli Sanayi, o g\u00fcnden bug\u00fcne d\u00fcr\u00fcst ve m\u00fc\u015fteri memnuniyetini hedef alarak \u00f6nemli \u00e7al\u0131\u015fmalar ger\u00e7ekle\u015ftirmi\u015ftir. G\u00fc\u00e7l\u00fc teknik kadromuz ile yenilik\u00e7i, dinamik, verimli, g\u00fcvenilir bir tak\u0131m ruhu anlay\u0131\u015f\u0131nda; kalite, dakiklik ve m\u00fc\u015fteri memnuniyetinden taviz vermeden d\u00fcnya standartlar\u0131na uygun optimum fiyatlar ile siz de\u011ferlim\u00fc\u015fterilerimize hizmet vermekteyiz. [&hellip;]<\/p>","protected":false},"author":1,"featured_media":0,"parent":0,"menu_order":0,"comment_status":"closed","ping_status":"closed","template":"template-homepage.php","meta":{"om_disable_all_campaigns":false,"_monsterinsights_skip_tracking":false,"_monsterinsights_sitenote_active":false,"_monsterinsights_sitenote_note":"","_monsterinsights_sitenote_category":0,"footnotes":""},"class_list":["post-4233","page","type-page","status-publish","hentry"],"aioseo_notices":[],"_links":{"self":[{"href":"https:\/\/gegasanziman.com\/en\/wp-json\/wp\/v2\/pages\/4233","targetHints":{"allow":["GET"]}}],"collection":[{"href":"https:\/\/gegasanziman.com\/en\/wp-json\/wp\/v2\/pages"}],"about":[{"href":"https:\/\/gegasanziman.com\/en\/wp-json\/wp\/v2\/types\/page"}],"author":[{"embeddable":true,"href":"https:\/\/gegasanziman.com\/en\/wp-json\/wp\/v2\/users\/1"}],"replies":[{"embeddable":true,"href":"https:\/\/gegasanziman.com\/en\/wp-json\/wp\/v2\/comments?post=4233"}],"version-history":[{"count":3,"href":"https:\/\/gegasanziman.com\/en\/wp-json\/wp\/v2\/pages\/4233\/revisions"}],"predecessor-version":[{"id":4237,"href":"https:\/\/gegasanziman.com\/en\/wp-json\/wp\/v2\/pages\/4233\/revisions\/4237"}],"wp:attachment":[{"href":"https:\/\/gegasanziman.com\/en\/wp-json\/wp\/v2\/media?parent=4233"}],"curies":[{"name":"wp","href":"https:\/\/api.w.org\/{rel}","templated":true}]}}